{"id":9,"date":"2018-11-30T10:36:50","date_gmt":"2018-11-30T10:36:50","guid":{"rendered":"https:\/\/argan-ch.com\/?page_id=9"},"modified":"2024-02-07T18:40:04","modified_gmt":"2024-02-07T17:40:04","slug":"startseite","status":"publish","type":"page","link":"https:\/\/www.argan-shop.ch\/","title":{"rendered":"Home"},"content":{"rendered":"<h5 style=\"text-align: center;\"><strong style=\"font-size: 1.41575em;\">\u00a0 \u00a0 Sch\u00f6nheit, <\/strong><strong style=\"font-size: 1.41575em;\">die von innen kommt\u00a0<\/strong><\/h5>\n<h4 style=\"text-align: center;\"><img loading=\"lazy\" decoding=\"async\" class=\"size-medium wp-image-5744 aligncenter\" src=\"https:\/\/www.argan-shop.ch\/wp-content\/uploads\/2020\/03\/Argan\u00f6l-im-Blumenkranz-2-225x300.jpg\" alt=\"\" width=\"225\" height=\"300\" srcset=\"https:\/\/www.argan-shop.ch\/wp-content\/uploads\/2020\/03\/Argan\u00f6l-im-Blumenkranz-2-225x300.jpg 225w, https:\/\/www.argan-shop.ch\/wp-content\/uploads\/2020\/03\/Argan\u00f6l-im-Blumenkranz-2.jpg 531w\" sizes=\"auto, (max-width: 225px) 100vw, 225px\" \/><\/h4>\n<p style=\"text-align: left;\"><em><strong>Ganz herzlich heissen wir Sie auf unserer Seite zum Thema Argan \u00d6l, willkommen.<\/strong><\/em><\/p>\n<p style=\"text-align: left;\"><em><strong>Unser Anliegen ist es, mit Ihnen diese geniale Entdeckung zu teilen.<\/strong><\/em><\/p>\n<p style=\"text-align: left;\"><em><strong>Die durch das Argan\u00f6l gewonnene Sch\u00f6nheit der Haut, die hohe Qualit\u00e4t des Produktes und der Erhalt von Arbeitspl\u00e4tzen in Marokko haben uns \u00fcberzeugt.<\/strong><\/em><\/p>\n<p style=\"text-align: left;\"><em><strong>Dies k\u00f6nnen wir nach unserer Reise nach Marokko\u00a0 zum Ursprung des marokkanischen Goldes, dem Argan-\u00d6l nur\u00a0 best\u00e4tigen!<\/strong><\/em><\/p>\n<p><img loading=\"lazy\" decoding=\"async\" class=\"wp-image-436 alignright\" src=\"https:\/\/www.argan-shop.ch\/wp-content\/uploads\/2019\/06\/085-300x225.jpg\" alt=\"\" width=\"196\" height=\"147\" srcset=\"https:\/\/www.argan-shop.ch\/wp-content\/uploads\/2019\/06\/085-300x225.jpg 300w, https:\/\/www.argan-shop.ch\/wp-content\/uploads\/2019\/06\/085-768x576.jpg 768w, https:\/\/www.argan-shop.ch\/wp-content\/uploads\/2019\/06\/085-1024x768.jpg 1024w, https:\/\/www.argan-shop.ch\/wp-content\/uploads\/2019\/06\/085-530x398.jpg 530w\" sizes=\"auto, (max-width: 196px) 100vw, 196px\" \/><\/p>\n","protected":false},"excerpt":{"rendered":"<p>\u00a0 \u00a0 Sch\u00f6nheit, die von innen kommt\u00a0 Ganz herzlich heissen wir Sie auf unserer Seite zum Thema Argan \u00d6l, willkommen. Unser Anliegen ist es, mit Ihnen diese geniale Entdeckung zu teilen. Die durch das Argan\u00f6l gewonnene Sch\u00f6nheit der Haut, die hohe Qualit\u00e4t des Produktes und der Erhalt von Arbeitspl\u00e4tzen in Marokko haben uns \u00fcberzeugt. Dies [&hellip;]<\/p>\n","protected":false},"author":1,"featured_media":0,"parent":0,"menu_order":0,"comment_status":"closed","ping_status":"closed","template":"template-homepage.php","meta":{"footnotes":""},"class_list":["post-9","page","type-page","status-publish","hentry"],"_links":{"self":[{"href":"https:\/\/www.argan-shop.ch\/index.php?rest_route=\/wp\/v2\/pages\/9","targetHints":{"allow":["GET"]}}],"collection":[{"href":"https:\/\/www.argan-shop.ch\/index.php?rest_route=\/wp\/v2\/pages"}],"about":[{"href":"https:\/\/www.argan-shop.ch\/index.php?rest_route=\/wp\/v2\/types\/page"}],"author":[{"embeddable":true,"href":"https:\/\/www.argan-shop.ch\/index.php?rest_route=\/wp\/v2\/users\/1"}],"replies":[{"embeddable":true,"href":"https:\/\/www.argan-shop.ch\/index.php?rest_route=%2Fwp%2Fv2%2Fcomments&post=9"}],"version-history":[{"count":56,"href":"https:\/\/www.argan-shop.ch\/index.php?rest_route=\/wp\/v2\/pages\/9\/revisions"}],"predecessor-version":[{"id":5803,"href":"https:\/\/www.argan-shop.ch\/index.php?rest_route=\/wp\/v2\/pages\/9\/revisions\/5803"}],"wp:attachment":[{"href":"https:\/\/www.argan-shop.ch\/index.php?rest_route=%2Fwp%2Fv2%2Fmedia&parent=9"}],"curies":[{"name":"wp","href":"https:\/\/api.w.org\/{rel}","templated":true}]}}