{"id":40,"date":"2018-11-30T14:22:21","date_gmt":"2018-11-30T14:22:21","guid":{"rendered":"https:\/\/argan-ch.com\/?page_id=40"},"modified":"2019-01-15T20:31:02","modified_gmt":"2019-01-15T19:31:02","slug":"produkt","status":"publish","type":"page","link":"https:\/\/www.argan-shop.ch\/?page_id=40","title":{"rendered":"Produkt"},"content":{"rendered":"<p style=\"text-align: center;\"><span style=\"color: #993300;\">Marokko tr\u00e4gt zu Recht den Ruf, besonders sch\u00f6ne Frauen zu haben.<br \/>\nIhre Kosmetika entnehmen sie aus den Sch\u00e4tze der Natur.<\/span><\/p>\n<p style=\"text-align: center;\"><span style=\"color: #993300;\">Kann es eine bessere Kosmetik geben als eine, die aus der Natur kommt und mit ihr im Einklang steht?<br \/>\n<\/span><\/p>\n<p>&nbsp;<\/p>\n<ul>\n<li style=\"text-align: left;\"><span style=\"color: #993300;\">Hautpflege:<\/span><\/li>\n<\/ul>\n<p>Argan\u00f6l dringt schnell ein, hinterl\u00e4sst keinen \u00d6lfilm und ist so mild, dass es auch in der Augenpartie angewendet werden kann. Als intensive Feuchtigkeitskur oder zum Abschminken vor dem Schlafengehen und als Grundlage der morgendlichen Toilette.<\/p>\n<p>Im Gegensatz zu Argan Speise\u00f6l wird Argan\u00f6l zur Hautpflege aus\u00a0<strong>unger\u00f6steten<\/strong>\u00a0Kernen gepresst. Durch die schonende Kaltpressung der rohen Kerne bleiben alle Vitamine im \u00d6l erhalten.<\/p>\n<p>Es hat ein sehr schwaches, kaum merkliches Nussaroma, das sich zudem schnell verfl\u00fcchtigt. Im Unterschied zu anderen Haut\u00f6len oder Cr\u00e8mes dringt es sehr schnell in die Haut ein, die dadurch samtig weich wird. Das Gef\u00fchl \u201ceinge\u00f6lt\u201d zu sein, verschwindet sehr schnell und die Haut wird wieder matt.<\/p>\n<p>Moderne Untersuchungen best\u00e4tigen nur, was Berber Sch\u00f6nheiten Marokkos schon lange wussten: Die verschiedenen Bestandteile des nat\u00fcrlichen \u00d6les wirken so zusammen, dass sie die komplexen Selbsterhaltungssysteme des menschlichen Organismus auf unvergleichliche Weise unterst\u00fctzen.<\/p>\n<p>&nbsp;<\/p>\n<ul>\n<li><span style=\"color: #993300;\">Keine Unvertr\u00e4glichkeiten bekannt:<\/span><\/li>\n<\/ul>\n<p>Die reinen Naturbestandteile in den Argan Produkten machen sie ausserordentlich vertr\u00e4glich.Es sind keine Allergien oder\u00a0 Unvertr\u00e4glichkeiten gegen das Argan\u00f6l selbst bekannt.\u00a0Allergien gegen den Bienenwachs in der Argan-Bodybutter sind selten. Sollten Sie gegen Bienenwachs allergisch sein, oder Sie sind sich nicht sicher, steigen Sie um auf das reine Argan\u00f6l.<\/p>\n<p>&nbsp;<\/p>\n<ul>\n<li><span style=\"color: #993300;\">Neurodermitis:<\/span><\/li>\n<\/ul>\n<p>Bei Neurodermitis, trockener, spr\u00f6der oder gereizter Haut, selbst als Wund\u00f6l bei Sch\u00fcrfungen und kleinen Verletzungen wird es gerne verwendet. Viele Anwender berichten von Linderung bei Akne. Es ist ein v\u00f6llig reines Naturprodukt ohne jegliche Zus\u00e4tze.<\/p>\n<p>&nbsp;<\/p>\n<ul>\n<li style=\"text-align: left;\"><span style=\"color: #993300;\">H\u00e4morrhoidale Beschwerden:<\/span><\/li>\n<\/ul>\n<p>Als Geheimrezept bei Analfissuren und h\u00e4morrhoidalen Beschwerden gelten Argan-Bodybutter und Argan\u00f6l dank ihrem reichen Gehalt an Vitamin E, das durch die Pflegewirkung ihrer nat\u00fcrlich ausgewogenen Fette und ihrer aseptischen Wirkung.<\/p>\n<p>&nbsp;<\/p>\n<ul>\n<li><span style=\"color: #993300;\">Antioxidantion:<\/span><\/li>\n<\/ul>\n<p>Argan\u00f6l ist reich an Antioxidantien, insbesondere Vitamin E. Es enth\u00e4lt\u00a0mehr als doppelt soviel Vitamin E wie Oliven\u00f6l. Dieses Vitamin ist ein sehr wirksames nat\u00fcrliches Antioxidans, das freie Radikale neutralisiert, die Hautzellen ern\u00e4hrt, und der Haut dadurch Feuchtigkeit und Geschmeidigkeit erh\u00e4lt.\u00a0Oxidation der Fetts\u00e4uren in den Zellmembranen f\u00fchrt zur Alterung der Haut mit Schlaffheit, Trockenheit und Falten. Dem kann Argan\u00f6l entgegenwirken. So wird es gerne verwendet bei Akne, bei der Wundheilung und glatteren Vernarbung und zur Vorbeugung gegen Dehnungsstreifen.<\/p>\n<p>&nbsp;<\/p>\n<ul>\n<li><span style=\"color: #993300;\">Squalen, mehr als Vitamine:<\/span><\/li>\n<\/ul>\n<p>Zus\u00e4tzlich enth\u00e4lt Argan\u00f6l Squalen, ein fettl\u00f6sliches Antioxidans, das von Natur aus schon in der gesunden Haut vorkommt, die es weich und feucht erh\u00e4lt und vor den immer aggressiveren Umwelteinfl\u00fcssen besch\u00fctzt.<\/p>\n<p>&nbsp;<\/p>\n<ul>\n<li><span style=\"color: #993300;\">Haarpflege:<\/span><\/li>\n<\/ul>\n<p>Zur t\u00e4glichen Pflege und gegen Spliss reibt man etwas Argan\u00f6l in die H\u00e4nde, zieht es von der Haarmitte zu den Spitzen, l\u00e4sst es eine Minute einziehen und frisiert sich danach wie gewohnt.<br \/>\nZur Tiefenvitalisierung massiert man Argan\u00f6l in Haar und Kopfhaut und l\u00e4sst es eine halbe Stunde einwirken. Das \u00d6l kann man mit wenig Shampoo sehr leicht wieder auswaschen.<br \/>\nAuch bei juckender Kopfhaut ist es sehr beliebt.<\/p>\n<ul>\n<li><span style=\"color: #993300;\">Manik\u00fcre:<\/span><\/li>\n<\/ul>\n<p>Bei spr\u00f6den N\u00e4geln badet man die Fingerspitzen 15 Minuten in einem Gemisch aus gleichen Teilen Argan\u00f6l und Zitronensaft.W\u00f6chentliche Anwendung st\u00e4rkt die N\u00e4gel und pflegt die Nagelbetten.<\/p>\n<p>&nbsp;<\/p>\n<ul>\n<li><span style=\"color: #993300;\">Pedik\u00fcre<\/span><\/li>\n<\/ul>\n<p>Anwender von Argan\u00f6l berichten, dass Verh\u00e4rtungen in der Hornhaut mit Argan\u00f6l oder Argan-Bodybutter weicher werden und schmerzhafte Risse dadurch vermieden werden k\u00f6nnen.<br \/>\nArgen wird auch gerne verwendet, um die Haut nach einem Peeling zu st\u00e4rken.<\/p>\n<p>&nbsp;<\/p>\n<ul>\n<li><span style=\"color: #993300;\">Bodybutter<\/span><\/li>\n<\/ul>\n<p>Argan Bodybutter f\u00f6rdert die nat\u00fcrliche Hautfettung und eignet sich hervorragend bei trockener Haut, auch bei rissiger Hornhaut an H\u00e4nden, Fersen, Knien und Ellbogen.<\/p>\n<p>Die Argancr\u00e8me beschr\u00e4nkt sich auf drei nat\u00fcrliche Bestandteile:<br \/>\nArgan\u00f6l, Bienenwachs und ein \u00e4therisches \u00d6l (Rose und Lavendel).<\/p>\n<p>Wegen der nat\u00fcrlichen antiseptischen Wirkung des Argan\u00f6les k\u00f6nnen wir auf chemische Zus\u00e4tze ganz verzichten.<br \/>\nDiese ausserordentlich ergiebige Feuchtigkeitscr\u00e8me h\u00e4lt das Argan\u00f6l durch einen leichten Schutzfilm auf der Haut fest, was besonders an H\u00e4nden, Ellenbogen, Knien und F\u00fcssen gesch\u00e4tzt wird.<\/p>\n<p>&nbsp;<\/p>\n<ul>\n<li><span style=\"color: #993300;\">Herren<\/span><\/li>\n<\/ul>\n<p>Die Herren m\u00f6gen Argan\u00f6l nach der Sauna oder Dusche. Als Cr\u00e8me oder \u00d6l beruhig es die Haut nach der Rasur und gibt ihr zur\u00fcck, was Seife und Klinge ihr nahmen.<br \/>\nKinn und Wangen werden Samtig, ohne sich \u00f6lig anzuf\u00fchlen, wie bei anderen Lotionen. Selbst Tr\u00e4nens\u00e4cke lassen sich damit straffen.<\/p>\n","protected":false},"excerpt":{"rendered":"<p>Marokko tr\u00e4gt zu Recht den Ruf, besonders sch\u00f6ne Frauen zu haben. Ihre Kosmetika entnehmen sie aus den Sch\u00e4tze der Natur. Kann es eine bessere Kosmetik geben als eine, die aus der Natur kommt und mit ihr im Einklang steht? &nbsp; Hautpflege: Argan\u00f6l dringt schnell ein, hinterl\u00e4sst keinen \u00d6lfilm und ist so mild, dass es auch [&hellip;]<\/p>\n","protected":false},"author":1,"featured_media":282,"parent":0,"menu_order":0,"comment_status":"closed","ping_status":"closed","template":"","meta":{"footnotes":""},"class_list":["post-40","page","type-page","status-publish","has-post-thumbnail","hentry"],"_links":{"self":[{"href":"https:\/\/www.argan-shop.ch\/index.php?rest_route=\/wp\/v2\/pages\/40","targetHints":{"allow":["GET"]}}],"collection":[{"href":"https:\/\/www.argan-shop.ch\/index.php?rest_route=\/wp\/v2\/pages"}],"about":[{"href":"https:\/\/www.argan-shop.ch\/index.php?rest_route=\/wp\/v2\/types\/page"}],"author":[{"embeddable":true,"href":"https:\/\/www.argan-shop.ch\/index.php?rest_route=\/wp\/v2\/users\/1"}],"replies":[{"embeddable":true,"href":"https:\/\/www.argan-shop.ch\/index.php?rest_route=%2Fwp%2Fv2%2Fcomments&post=40"}],"version-history":[{"count":9,"href":"https:\/\/www.argan-shop.ch\/index.php?rest_route=\/wp\/v2\/pages\/40\/revisions"}],"predecessor-version":[{"id":394,"href":"https:\/\/www.argan-shop.ch\/index.php?rest_route=\/wp\/v2\/pages\/40\/revisions\/394"}],"wp:featuredmedia":[{"embeddable":true,"href":"https:\/\/www.argan-shop.ch\/index.php?rest_route=\/wp\/v2\/media\/282"}],"wp:attachment":[{"href":"https:\/\/www.argan-shop.ch\/index.php?rest_route=%2Fwp%2Fv2%2Fmedia&parent=40"}],"curies":[{"name":"wp","href":"https:\/\/api.w.org\/{rel}","templated":true}]}}