{"id":33,"date":"2018-11-30T16:07:27","date_gmt":"2018-11-30T16:07:27","guid":{"rendered":"https:\/\/argan-ch.com\/?page_id=33"},"modified":"2019-01-14T10:14:42","modified_gmt":"2019-01-14T09:14:42","slug":"entdeckt","status":"publish","type":"page","link":"https:\/\/www.argan-shop.ch\/?page_id=33","title":{"rendered":"Entdeckt"},"content":{"rendered":"<p>&nbsp;<\/p>\n<p style=\"text-align: center;\"><strong><span style=\"color: #993366;\">\u00fcberzeugt\u00a0 &#8211;\u00a0 vertraut\u00a0 &#8211;\u00a0 bew\u00e4hrt\u00a0 &#8211;\u00a0 unterst\u00fctzt\u00a0 &#8211;\u00a0 begeistert<\/span><\/strong><\/p>\n<h4 style=\"text-align: center;\"><strong>Wozu ich diese Entdeckung mit Ihnen teilen m\u00f6chte<\/strong><\/h4>\n<ul>\n<li><strong>\u00a0<\/strong><strong style=\"font-size: 1rem;\">Weil ich durch eigene Erfahrung von der guten Qualit\u00e4t des Argan\u00f6les <span style=\"color: #993366;\">\u00fcberzeugt<\/span> wurde!<\/strong><\/li>\n<\/ul>\n<p>L\u00e4ngst hatte ich es aufgegeben, f\u00fcr meine trockene Haut nach einer geeigneten Hautpflege zu suchen. Die Wirkung der Hautpflege hielt oft nicht lange an, besonders den verdorrten H\u00e4utchen um das Nagelbett kam ich nur durch Abreissen bei.<\/p>\n<p>Eines Tages machten mich Freunde auf die Wirkung des besonderen Argan\u00f6les aufmerksam.<\/p>\n<p>Diesmal blieb die Pflege nicht ohne Wirkung.<\/p>\n<p>Dieses reine und nat\u00fcrliche Produkt ohne weitere Zus\u00e4tze ergab eine \u00fcberzeugende Wirkung. Meine Haut wird weich, fein und gen\u00e4hrt.<\/p>\n<p>Und nicht nur das \u2026..<\/p>\n<p><strong>\u00a0<\/strong><strong>\u00a0<\/strong><\/p>\n<ul>\n<li><strong>Weil\u00a0<span style=\"color: #993366;\">Vertrauen<\/span> zu diesem Produkt gewachsen ist.<\/strong><\/li>\n<\/ul>\n<p>Ich durfte G\u00fcnther Beck kennen lernen, dem die Marokkaner am Herzen liegen und deshalb in Marokko zur Argan\u00f6l-Gewinnung Arbeitspl\u00e4tze geschaffen hatte.<\/p>\n<p>G\u00fcnther Beck lebte \u00fcber 25 Jahre in der Arabischen Welt, und l\u00e4sst sich auch auf einem arabischen Markt nicht \u00fcber den Tisch ziehen \u2013 wovon wir als Verbraucher profitieren und vertrauen k\u00f6nnen.<br \/>\nDas Wichtigste aber sind tiefe Vertrauens-Beziehungen zu seinen Produzenten.<\/p>\n<p>Trotz diesem Vertrauen wird das Argan\u00f6l dennoch immer wieder von einem deutschen Labor \u00fcberpr\u00fcft, da die Versuchung gross ist das seltene und kostbare \u00d6l mit neutralen \u00d6len zu strecken.<\/p>\n<p>&nbsp;<\/p>\n<ul>\n<li><strong>Weil sich das Gewinnen und Herstellen des Argan\u00f6les <span style=\"color: #993366;\">bew\u00e4hrt<\/span> hat<\/strong><\/li>\n<\/ul>\n<p><strong>\u00a0<\/strong>Zur \u00d6l-Herstellung wird nur eine kleine Saat verwendet; aus 30kg Frucht gewinnt man einen Liter \u00d6l. Zun\u00e4chst wird das Fruchtfleisch von den Kernen gel\u00f6st, welche dann von Hand mit einem Stein aufgeschlagen werden. Keine Maschine kann die N\u00fcsse knacken, dass der Samen nicht verletzt wird. Es wird daf\u00fcr gesorgt, dass die Berberfrauen, die diese Kunst seit ihrer Jugend gelernt haben, gerecht daf\u00fcr bezahlt werden. Die Samen werden handverlesen und nur die weissen, gesunden weiterverarbeitet.<\/p>\n<p><strong>\u00a0<\/strong><strong>\u00a0<\/strong><\/p>\n<ul>\n<li><strong>Weil ich den fairen Handel <span style=\"color: #993366;\">unterst\u00fctzen<\/span> m\u00f6chte<\/strong><\/li>\n<\/ul>\n<p><strong>\u00a0<\/strong>Damit dieses \u00d6l nicht nur uns wohltut, sondern auch den Marokkanern, die es weitgehend in m\u00fchsamer Handarbeit herstellen, hat G\u00fcnther Beck es sich zur Aufgabe gemacht, Arbeitspl\u00e4tze zur Gewinnung des kostbaren \u00d6les zu schaffen. Er steht als fairer Vermittler zwischen den Verbrauchern und den Marokkanern, die nur das \u00d6l als Existenzgrundlage haben.<\/p>\n<p><strong>\u00a0<\/strong><\/p>\n<ul>\n<li><strong>Weil ich <span style=\"color: #993366;\">begeistert<\/span> bin, von diesem Produkt und seiner Herkunft<\/strong><\/li>\n<\/ul>\n<p>Im faszinierenden Marokko w\u00e4chst der ebenso faszinierende Baum, der nur dort w\u00e4chst: Die \u201eArgania Spinosa\u201c, einer der \u00e4ltesten B\u00e4ume der Welt, der nicht nur der vordringenden W\u00fcste Widerstand leistet, sondern uns auch ein kostbares \u00d6l beschert: Das Argan\u00f6l, ein seltenes \u00d6l mit herausragenden biologischen Eigenschaften, eine Wohltat f\u00fcr die Haut, N\u00e4gel und Haare.<\/p>\n<p>Die Arganie w\u00e4chst im S\u00fcdwesten Marokkos an kargen, staubigen und unwirtlichen Orten. Die geheimnisvolle Kraft der Arganie trotz diesen Elementen.<\/p>\n<p>Die Arganie tr\u00e4gt jedes zweite Jahr Steinfr\u00fcchte. So wie die Zwetschgen, Datteln oder Oliven umh\u00fcllt eine fleischige Schicht einen harten Kern, in dem die Saat eingeschlossen ist. Die Frucht der Arganie \u00e4hnelt in der Farbe und Gr\u00f6sse der Mandel, ihr Kern ist oval rund. Die kleine Saat im Inneren des harten Kerns zerf\u00e4llt in zwei oder drei Spalten.<\/p>\n","protected":false},"excerpt":{"rendered":"<p>&nbsp; \u00fcberzeugt\u00a0 &#8211;\u00a0 vertraut\u00a0 &#8211;\u00a0 bew\u00e4hrt\u00a0 &#8211;\u00a0 unterst\u00fctzt\u00a0 &#8211;\u00a0 begeistert Wozu ich diese Entdeckung mit Ihnen teilen m\u00f6chte \u00a0Weil ich durch eigene Erfahrung von der guten Qualit\u00e4t des Argan\u00f6les \u00fcberzeugt wurde! L\u00e4ngst hatte ich es aufgegeben, f\u00fcr meine trockene Haut nach einer geeigneten Hautpflege zu suchen. Die Wirkung der Hautpflege hielt oft nicht lange an, [&hellip;]<\/p>\n","protected":false},"author":1,"featured_media":280,"parent":0,"menu_order":0,"comment_status":"closed","ping_status":"closed","template":"","meta":{"footnotes":""},"class_list":["post-33","page","type-page","status-publish","has-post-thumbnail","hentry"],"_links":{"self":[{"href":"https:\/\/www.argan-shop.ch\/index.php?rest_route=\/wp\/v2\/pages\/33","targetHints":{"allow":["GET"]}}],"collection":[{"href":"https:\/\/www.argan-shop.ch\/index.php?rest_route=\/wp\/v2\/pages"}],"about":[{"href":"https:\/\/www.argan-shop.ch\/index.php?rest_route=\/wp\/v2\/types\/page"}],"author":[{"embeddable":true,"href":"https:\/\/www.argan-shop.ch\/index.php?rest_route=\/wp\/v2\/users\/1"}],"replies":[{"embeddable":true,"href":"https:\/\/www.argan-shop.ch\/index.php?rest_route=%2Fwp%2Fv2%2Fcomments&post=33"}],"version-history":[{"count":13,"href":"https:\/\/www.argan-shop.ch\/index.php?rest_route=\/wp\/v2\/pages\/33\/revisions"}],"predecessor-version":[{"id":392,"href":"https:\/\/www.argan-shop.ch\/index.php?rest_route=\/wp\/v2\/pages\/33\/revisions\/392"}],"wp:featuredmedia":[{"embeddable":true,"href":"https:\/\/www.argan-shop.ch\/index.php?rest_route=\/wp\/v2\/media\/280"}],"wp:attachment":[{"href":"https:\/\/www.argan-shop.ch\/index.php?rest_route=%2Fwp%2Fv2%2Fmedia&parent=33"}],"curies":[{"name":"wp","href":"https:\/\/api.w.org\/{rel}","templated":true}]}}