{"id":13,"date":"2018-11-30T10:36:50","date_gmt":"2018-11-30T10:36:50","guid":{"rendered":"https:\/\/argan-ch.com\/?page_id=13"},"modified":"2019-06-14T18:44:53","modified_gmt":"2019-06-14T17:44:53","slug":"ein-startseiten-abschnitt","status":"publish","type":"page","link":"https:\/\/www.argan-shop.ch\/?page_id=13","title":{"rendered":"Argania Spinosa"},"content":{"rendered":"<p><img loading=\"lazy\" decoding=\"async\" class=\"alignnone size-medium wp-image-438\" src=\"https:\/\/www.argan-shop.ch\/wp-content\/uploads\/2019\/06\/IMG_20190327_172452-300x225.jpg\" alt=\"\" width=\"300\" height=\"225\" srcset=\"https:\/\/www.argan-shop.ch\/wp-content\/uploads\/2019\/06\/IMG_20190327_172452-300x225.jpg 300w, https:\/\/www.argan-shop.ch\/wp-content\/uploads\/2019\/06\/IMG_20190327_172452-768x576.jpg 768w, https:\/\/www.argan-shop.ch\/wp-content\/uploads\/2019\/06\/IMG_20190327_172452-1024x768.jpg 1024w, https:\/\/www.argan-shop.ch\/wp-content\/uploads\/2019\/06\/IMG_20190327_172452-530x398.jpg 530w\" sizes=\"auto, (max-width: 300px) 100vw, 300px\" \/>Ein zerzaust und staubig-gr\u00fcner Baum, er ist kein \u00e4sthetischer Genuss, wie er der W\u00fcste und der Sonne trotzt. Er ist ein K\u00e4mpfer, seine Sch\u00f6nheit liegt in seiner Kraft. Sie wird gewonnen aus seinem innersten Kern.<\/p>\n<p>&nbsp;<\/p>\n<p>Sein Geschenk an uns, Sch\u00f6nheit die von innen kommt, Argan\u00f6l.<\/p>\n","protected":false},"excerpt":{"rendered":"<p>Ein zerzaust und staubig-gr\u00fcner Baum, er ist kein \u00e4sthetischer Genuss, wie er der W\u00fcste und der Sonne trotzt. Er ist ein K\u00e4mpfer, seine Sch\u00f6nheit liegt in seiner Kraft. Sie wird gewonnen aus seinem innersten Kern. &nbsp; Sein Geschenk an uns, Sch\u00f6nheit die von innen kommt, Argan\u00f6l.<\/p>\n","protected":false},"author":1,"featured_media":283,"parent":9,"menu_order":0,"comment_status":"closed","ping_status":"closed","template":"","meta":{"footnotes":""},"class_list":["post-13","page","type-page","status-publish","has-post-thumbnail","hentry"],"_links":{"self":[{"href":"https:\/\/www.argan-shop.ch\/index.php?rest_route=\/wp\/v2\/pages\/13","targetHints":{"allow":["GET"]}}],"collection":[{"href":"https:\/\/www.argan-shop.ch\/index.php?rest_route=\/wp\/v2\/pages"}],"about":[{"href":"https:\/\/www.argan-shop.ch\/index.php?rest_route=\/wp\/v2\/types\/page"}],"author":[{"embeddable":true,"href":"https:\/\/www.argan-shop.ch\/index.php?rest_route=\/wp\/v2\/users\/1"}],"replies":[{"embeddable":true,"href":"https:\/\/www.argan-shop.ch\/index.php?rest_route=%2Fwp%2Fv2%2Fcomments&post=13"}],"version-history":[{"count":5,"href":"https:\/\/www.argan-shop.ch\/index.php?rest_route=\/wp\/v2\/pages\/13\/revisions"}],"predecessor-version":[{"id":442,"href":"https:\/\/www.argan-shop.ch\/index.php?rest_route=\/wp\/v2\/pages\/13\/revisions\/442"}],"up":[{"embeddable":true,"href":"https:\/\/www.argan-shop.ch\/index.php?rest_route=\/wp\/v2\/pages\/9"}],"wp:featuredmedia":[{"embeddable":true,"href":"https:\/\/www.argan-shop.ch\/index.php?rest_route=\/wp\/v2\/media\/283"}],"wp:attachment":[{"href":"https:\/\/www.argan-shop.ch\/index.php?rest_route=%2Fwp%2Fv2%2Fmedia&parent=13"}],"curies":[{"name":"wp","href":"https:\/\/api.w.org\/{rel}","templated":true}]}}